{"id":1865,"date":"2025-03-25T15:16:45","date_gmt":"2025-03-25T08:16:45","guid":{"rendered":"https:\/\/klbgroup.com.vn\/home"},"modified":"2025-05-09T17:02:29","modified_gmt":"2025-05-09T10:02:29","slug":"home","status":"publish","type":"page","link":"https:\/\/klbgroup.com.vn\/en","title":{"rendered":"Home"},"content":{"rendered":"<p>KLB INVESTMENT GROUP Joint Stock Company was established in 2009, after 12 years of formation and development, with enthusiasm, professionalism and the right strategy of KLB.<\/p>\n","protected":false},"excerpt":{"rendered":"<p>KLB INVESTMENT GROUP Joint Stock Company was established in 2009, after 12 years of formation and development, with enthusiasm, professionalism and the right strategy of KLB.<\/p>\n","protected":false},"author":1,"featured_media":1867,"parent":0,"menu_order":0,"comment_status":"closed","ping_status":"open","template":"front-page.php","meta":{"_acf_changed":false,"inline_featured_image":false,"footnotes":""},"class_list":["post-1865","page","type-page","status-publish","has-post-thumbnail","hentry"],"acf":[],"yoast_head":"<title>KLB GROUP JOINT STOCK COMPANY<\/title>\n<meta name=\"robots\" content=\"index, follow, max-snippet:-1, max-image-preview:large, max-video-preview:-1\" \/>\n<link rel=\"canonical\" href=\"https:\/\/klbgroup.com.vn\/en\" \/>\n<meta property=\"og:locale\" content=\"en_US\" \/>\n<meta property=\"og:type\" content=\"article\" \/>\n<meta property=\"og:title\" content=\"KLB GROUP JOINT STOCK COMPANY\" \/>\n<meta property=\"og:description\" content=\"KLB INVESTMENT GROUP Joint Stock Company was established in 2009, after 12 years of formation and development, with enthusiasm, professionalism and the right strategy of KLB.\" \/>\n<meta property=\"og:url\" content=\"https:\/\/klbgroup.com.vn\/en\" \/>\n<meta property=\"og:site_name\" content=\"KLB GROUP JOINT STOCK COMPANY\" \/>\n<meta property=\"article:modified_time\" content=\"2025-05-09T10:02:29+00:00\" \/>\n<meta property=\"og:image\" content=\"https:\/\/klbgroup.com.vn\/wp-content\/uploads\/2025\/04\/Anh-thumb-2-7-1024x576.webp\" \/>\n<meta name=\"twitter:card\" content=\"summary_large_image\" \/>\n<meta name=\"twitter:label1\" content=\"Est. reading time\" \/>\n\t<meta name=\"twitter:data1\" content=\"1 minute\" \/>\n<script type=\"application\/ld+json\" class=\"yoast-schema-graph\">{\"@context\":\"https:\/\/schema.org\",\"@graph\":[{\"@type\":\"WebPage\",\"@id\":\"https:\/\/klbgroup.com.vn\/en\",\"url\":\"https:\/\/klbgroup.com.vn\/en\",\"name\":\"KLB GROUP JOINT STOCK COMPANY\",\"isPartOf\":{\"@id\":\"https:\/\/klbgroup.com.vn\/en#website\"},\"primaryImageOfPage\":{\"@id\":\"https:\/\/klbgroup.com.vn\/en#primaryimage\"},\"image\":{\"@id\":\"https:\/\/klbgroup.com.vn\/en#primaryimage\"},\"thumbnailUrl\":\"https:\/\/klbgroup.com.vn\/wp-content\/uploads\/2025\/04\/Anh-thumb-2-7.webp\",\"datePublished\":\"2025-03-25T08:16:45+00:00\",\"dateModified\":\"2025-05-09T10:02:29+00:00\",\"breadcrumb\":{\"@id\":\"https:\/\/klbgroup.com.vn\/en#breadcrumb\"},\"inLanguage\":\"en-US\",\"potentialAction\":[{\"@type\":\"ReadAction\",\"target\":[\"https:\/\/klbgroup.com.vn\/en\"]}]},{\"@type\":\"ImageObject\",\"inLanguage\":\"en-US\",\"@id\":\"https:\/\/klbgroup.com.vn\/en#primaryimage\",\"url\":\"https:\/\/klbgroup.com.vn\/wp-content\/uploads\/2025\/04\/Anh-thumb-2-7.webp\",\"contentUrl\":\"https:\/\/klbgroup.com.vn\/wp-content\/uploads\/2025\/04\/Anh-thumb-2-7.webp\",\"width\":1200,\"height\":675},{\"@type\":\"BreadcrumbList\",\"@id\":\"https:\/\/klbgroup.com.vn\/en#breadcrumb\",\"itemListElement\":[{\"@type\":\"ListItem\",\"position\":1,\"name\":\"Home\",\"item\":\"https:\/\/klbgroup.com.vn\/en\"},{\"@type\":\"ListItem\",\"position\":2,\"name\":\"Home\"}]},{\"@type\":\"WebSite\",\"@id\":\"https:\/\/klbgroup.com.vn\/en#website\",\"url\":\"https:\/\/klbgroup.com.vn\/en\",\"name\":\"C\u00d4NG TY C\u1ed4 PH\u1ea6N T\u1eacP \u0110O\u00c0N \u0110\u1ea6U T\u01af KLB\",\"description\":\"\",\"publisher\":{\"@id\":\"https:\/\/klbgroup.com.vn\/en#organization\"},\"potentialAction\":[{\"@type\":\"SearchAction\",\"target\":{\"@type\":\"EntryPoint\",\"urlTemplate\":\"https:\/\/klbgroup.com.vn\/en?s={search_term_string}\"},\"query-input\":{\"@type\":\"PropertyValueSpecification\",\"valueRequired\":true,\"valueName\":\"search_term_string\"}}],\"inLanguage\":\"en-US\"},{\"@type\":\"Organization\",\"@id\":\"https:\/\/klbgroup.com.vn\/en#organization\",\"name\":\"KLB GROUP .JSC\",\"url\":\"https:\/\/klbgroup.com.vn\/en\",\"logo\":{\"@type\":\"ImageObject\",\"inLanguage\":\"en-US\",\"@id\":\"https:\/\/klbgroup.com.vn\/en#\/schema\/logo\/image\/\",\"url\":\"https:\/\/klbgroup.com.vn\/wp-content\/uploads\/2025\/04\/KLG-logo-ngang.svg\",\"contentUrl\":\"https:\/\/klbgroup.com.vn\/wp-content\/uploads\/2025\/04\/KLG-logo-ngang.svg\",\"width\":314,\"height\":50,\"caption\":\"KLB GROUP .JSC\"},\"image\":{\"@id\":\"https:\/\/klbgroup.com.vn\/en#\/schema\/logo\/image\/\"}}]}<\/script>","yoast_head_json":{"title":"KLB GROUP JOINT STOCK COMPANY","robots":{"index":"index","follow":"follow","max-snippet":"max-snippet:-1","max-image-preview":"max-image-preview:large","max-video-preview":"max-video-preview:-1"},"canonical":"https:\/\/klbgroup.com.vn\/en","og_locale":"en_US","og_type":"article","og_title":"KLB GROUP JOINT STOCK COMPANY","og_description":"KLB INVESTMENT GROUP Joint Stock Company was established in 2009, after 12 years of formation and development, with enthusiasm, professionalism and the right strategy of KLB.","og_url":"https:\/\/klbgroup.com.vn\/en","og_site_name":"KLB GROUP JOINT STOCK COMPANY","article_modified_time":"2025-05-09T10:02:29+00:00","og_image":[{"url":"https:\/\/klbgroup.com.vn\/wp-content\/uploads\/2025\/04\/Anh-thumb-2-7-1024x576.webp","type":"","width":"","height":""}],"twitter_card":"summary_large_image","twitter_misc":{"Est. reading time":"1 minute"},"schema":{"@context":"https:\/\/schema.org","@graph":[{"@type":"WebPage","@id":"https:\/\/klbgroup.com.vn\/en","url":"https:\/\/klbgroup.com.vn\/en","name":"KLB GROUP JOINT STOCK COMPANY","isPartOf":{"@id":"https:\/\/klbgroup.com.vn\/en#website"},"primaryImageOfPage":{"@id":"https:\/\/klbgroup.com.vn\/en#primaryimage"},"image":{"@id":"https:\/\/klbgroup.com.vn\/en#primaryimage"},"thumbnailUrl":"https:\/\/klbgroup.com.vn\/wp-content\/uploads\/2025\/04\/Anh-thumb-2-7.webp","datePublished":"2025-03-25T08:16:45+00:00","dateModified":"2025-05-09T10:02:29+00:00","breadcrumb":{"@id":"https:\/\/klbgroup.com.vn\/en#breadcrumb"},"inLanguage":"en-US","potentialAction":[{"@type":"ReadAction","target":["https:\/\/klbgroup.com.vn\/en"]}]},{"@type":"ImageObject","inLanguage":"en-US","@id":"https:\/\/klbgroup.com.vn\/en#primaryimage","url":"https:\/\/klbgroup.com.vn\/wp-content\/uploads\/2025\/04\/Anh-thumb-2-7.webp","contentUrl":"https:\/\/klbgroup.com.vn\/wp-content\/uploads\/2025\/04\/Anh-thumb-2-7.webp","width":1200,"height":675},{"@type":"BreadcrumbList","@id":"https:\/\/klbgroup.com.vn\/en#breadcrumb","itemListElement":[{"@type":"ListItem","position":1,"name":"Home","item":"https:\/\/klbgroup.com.vn\/en"},{"@type":"ListItem","position":2,"name":"Home"}]},{"@type":"WebSite","@id":"https:\/\/klbgroup.com.vn\/en#website","url":"https:\/\/klbgroup.com.vn\/en","name":"C\u00d4NG TY C\u1ed4 PH\u1ea6N T\u1eacP \u0110O\u00c0N \u0110\u1ea6U T\u01af KLB","description":"","publisher":{"@id":"https:\/\/klbgroup.com.vn\/en#organization"},"potentialAction":[{"@type":"SearchAction","target":{"@type":"EntryPoint","urlTemplate":"https:\/\/klbgroup.com.vn\/en?s={search_term_string}"},"query-input":{"@type":"PropertyValueSpecification","valueRequired":true,"valueName":"search_term_string"}}],"inLanguage":"en-US"},{"@type":"Organization","@id":"https:\/\/klbgroup.com.vn\/en#organization","name":"KLB GROUP .JSC","url":"https:\/\/klbgroup.com.vn\/en","logo":{"@type":"ImageObject","inLanguage":"en-US","@id":"https:\/\/klbgroup.com.vn\/en#\/schema\/logo\/image\/","url":"https:\/\/klbgroup.com.vn\/wp-content\/uploads\/2025\/04\/KLG-logo-ngang.svg","contentUrl":"https:\/\/klbgroup.com.vn\/wp-content\/uploads\/2025\/04\/KLG-logo-ngang.svg","width":314,"height":50,"caption":"KLB GROUP .JSC"},"image":{"@id":"https:\/\/klbgroup.com.vn\/en#\/schema\/logo\/image\/"}}]}},"_links":{"self":[{"href":"https:\/\/klbgroup.com.vn\/en\/wp-json\/wp\/v2\/pages\/1865","targetHints":{"allow":["GET"]}}],"collection":[{"href":"https:\/\/klbgroup.com.vn\/en\/wp-json\/wp\/v2\/pages"}],"about":[{"href":"https:\/\/klbgroup.com.vn\/en\/wp-json\/wp\/v2\/types\/page"}],"author":[{"embeddable":true,"href":"https:\/\/klbgroup.com.vn\/en\/wp-json\/wp\/v2\/users\/1"}],"replies":[{"embeddable":true,"href":"https:\/\/klbgroup.com.vn\/en\/wp-json\/wp\/v2\/comments?post=1865"}],"version-history":[{"count":0,"href":"https:\/\/klbgroup.com.vn\/en\/wp-json\/wp\/v2\/pages\/1865\/revisions"}],"wp:featuredmedia":[{"embeddable":true,"href":"https:\/\/klbgroup.com.vn\/en\/wp-json\/wp\/v2\/media\/1867"}],"wp:attachment":[{"href":"https:\/\/klbgroup.com.vn\/en\/wp-json\/wp\/v2\/media?parent=1865"}],"curies":[{"name":"wp","href":"https:\/\/api.w.org\/{rel}","templated":true}]}}